{"id":52277,"date":"2017-12-18T15:59:43","date_gmt":"2017-12-18T14:59:43","guid":{"rendered":"http:\/\/glas-hotel.pl\/?page_id=52277"},"modified":"2025-08-22T07:26:41","modified_gmt":"2025-08-22T05:26:41","slug":"cennik-2","status":"publish","type":"page","link":"http:\/\/glas-hotel.pl\/index.php\/de\/cennik-2\/","title":{"rendered":"Preisliste"},"content":{"rendered":"<div class=\"wpb-content-wrapper\"><p>[vc_row][vc_column width=&#8221;1\/6&#8243;][\/vc_column][vc_column width=&#8221;2\/3&#8243;][vc_column_text]Wir bieten unseren G\u00e4sten 47 komfortabel und modern ausgestattete Zimmer an.<\/p>\n<p><strong>Die Zimmer sind ausgestattet mit:<\/strong><\/p>\n<ul>\n<li>bequemen Betten,<\/li>\n<li>weiche Handt\u00fccher, immer frische Bettw\u00e4sche, Grundkosmetika,<\/li>\n<li>Schreibtisch zur eventuellen Arbeit<\/li>\n<li>LCD &#8211; Fernsehapparate 32&#8243; mit Satellitenempfang und Radiosendern<\/li>\n<li>WIFI Internetanschluss<\/li>\n<li>Safe<\/li>\n<li>Barschrank<\/li>\n<li>Haartrockner<\/li>\n<li>Fr\u00fchst\u00fcck als reichhaltiges B\u00fcfett<\/li>\n<\/ul>\n<p>[\/vc_column_text][\/vc_column][vc_column width=&#8221;1\/6&#8243;][\/vc_column][\/vc_row][vc_row][vc_column width=&#8221;1\/6&#8243;][\/vc_column][vc_column width=&#8221;1\/3&#8243;]<div id=\"ultimate-heading-259669e20a41c812d\" class=\"uvc-heading ult-adjust-bottom-margin ultimate-heading-259669e20a41c812d uvc-1651  uvc-heading-default-font-sizes\" data-hspacer=\"no_spacer\"  data-halign=\"center\" style=\"text-align:center\"><div class=\"uvc-heading-spacer no_spacer\" style=\"top\"><\/div><div class=\"uvc-main-heading ult-responsive\"  data-ultimate-target='.uvc-heading.ultimate-heading-259669e20a41c812d h4'  data-responsive-json-new='{\"font-size\":\"\",\"line-height\":\"\"}' ><h4 style=\"--font-weight:theme;\">Zimmer<\/h4><\/div><\/div>[vc_separator border_width=&#8221;2&#8243; css=&#8221;.vc_custom_1508093914881{margin-top: 5px !important;}&#8221;][vc_row_inner][vc_column_inner width=&#8221;1\/3&#8243;][vc_column_text]SGLE ***<\/p>\n<p>SGL***<\/p>\n<p>DBLS ***<\/p>\n<p>TWN ***<\/p>\n<p>DBLX ***<\/p>\n<p>DBLL ***[\/vc_column_text][vc_column_text]TWN ****<\/p>\n<p>DBLL ****<\/p>\n<p>APRT ****[\/vc_column_text][\/vc_column_inner][vc_column_inner width=&#8221;2\/3&#8243;][vc_column_text]Einzelzimmer<\/p>\n<p>Einzelzimmer<\/p>\n<p>Einzel- und Doppelzimmer<\/p>\n<p>Einzel- und Doppelzimmer<\/p>\n<p>Zweibett- und Dreibettzimmer<\/p>\n<p>Zweibett- und Dreibettzimmer[\/vc_column_text][vc_column_text]Einzel- und Doppelzimmer<\/p>\n<p>Einzel- und Doppelzimmer<\/p>\n<p>Zweibett- und Dreibett- oder Vierbettzimmer[\/vc_column_text][\/vc_column_inner][\/vc_row_inner][\/vc_column][vc_column width=&#8221;1\/3&#8243;]<div id=\"ultimate-heading-330569e20a41c81c0\" class=\"uvc-heading ult-adjust-bottom-margin ultimate-heading-330569e20a41c81c0 uvc-3681  uvc-heading-default-font-sizes\" data-hspacer=\"no_spacer\"  data-halign=\"center\" style=\"text-align:center\"><div class=\"uvc-heading-spacer no_spacer\" style=\"top\"><\/div><div class=\"uvc-main-heading ult-responsive\"  data-ultimate-target='.uvc-heading.ultimate-heading-330569e20a41c81c0 h4'  data-responsive-json-new='{\"font-size\":\"\",\"line-height\":\"\"}' ><h4 style=\"--font-weight:theme;\">Preis (pln)<\/h4><\/div><\/div>[vc_separator border_width=&#8221;2&#8243; css=&#8221;.vc_custom_1508093920588{margin-top: 5px !important;}&#8221;][vc_column_text]<\/p>\n<p style=\"text-align: center;\">200,00<\/p>\n<p style=\"text-align: center;\">240,00<\/p>\n<p style=\"text-align: center;\">330,00 &#8211; 450,00<\/p>\n<p style=\"text-align: center;\">320,00 &#8211; 410,00<\/p>\n<p style=\"text-align: center;\">425,00 &#8211; 510,00<\/p>\n<p style=\"text-align: center;\">400,00 &#8211; 490,00<\/p>\n<p>[\/vc_column_text][vc_column_text]<\/p>\n<p style=\"text-align: center;\">330,00 &#8211; 440,00<\/p>\n<p style=\"text-align: center;\">410,00 &#8211; 490,00<\/p>\n<p style=\"text-align: center;\">630,00 &#8211; 745,00<\/p>\n<p>[\/vc_column_text][\/vc_column][vc_column width=&#8221;1\/6&#8243;][\/vc_column][\/vc_row][vc_row][vc_column width=&#8221;1\/6&#8243;][\/vc_column][vc_column width=&#8221;2\/3&#8243;][vc_column_text]*die angegebenen Preise sind Bruttopreise (enthalten die Mwst.) Bei uns ist es m\u00f6glich, mit Zahlungskarte zu zahlen.<\/p>\n<p>Wir akzeptieren keine American Express &#8211; Karten.<\/p>\n<p>Firma Evalon sorgt f\u00fcr Ihre sichere Geldtransfer.<\/p>\n<p><strong>Anreise ab 14.00 Uhr und Abreise bis 12.00 am n\u00e4chsten Tag.<\/strong><\/p>\n<p>Die Buchung gilt bis 18.00 am Anreisetag. Falls Sie nach 18.00 Uhr kommen sollten, bitten wir Sie um Best\u00e4tigung der Buchung am Anreisetag.[\/vc_column_text][\/vc_column][vc_column width=&#8221;1\/6&#8243;][\/vc_column][\/vc_row][vc_row][vc_column]<style type=\"text\/css\" data-type=\"the7_shortcodes-inline-css\">#default-btn-1b9a997abd12616c2f825b4f02a02f2b.ico-right-side > i {\n  margin-right: 0px;\n  margin-left: 8px;\n}\n#default-btn-1b9a997abd12616c2f825b4f02a02f2b > i {\n  margin-right: 8px;\n}<\/style><div class=\"btn-align-center\"><a href=\"http:\/\/glas-hotel.pl\/index.php\/de\/regulamin-hotelowy-2\/\" class=\"default-btn-shortcode dt-btn dt-btn-m link-hover-off \" id=\"default-btn-1b9a997abd12616c2f825b4f02a02f2b\"><span>Hotelordnung<\/span><\/a><\/div>[\/vc_column][\/vc_row]<\/p>\n<\/div>","protected":false},"excerpt":{"rendered":"<p>[vc_row][vc_column width=&#8221;1\/6&#8243;][\/vc_column][vc_column width=&#8221;2\/3&#8243;][vc_column_text]Wir bieten unseren G\u00e4sten 47 komfortabel und modern ausgestattete Zimmer an. Die Zimmer sind ausgestattet mit: bequemen Betten, weiche Handt\u00fccher, immer frische Bettw\u00e4sche, Grundkosmetika, Schreibtisch zur eventuellen Arbeit LCD &#8211; Fernsehapparate 32&#8243; mit Satellitenempfang und Radiosendern WIFI Internetanschluss Safe Barschrank Haartrockner Fr\u00fchst\u00fcck als reichhaltiges B\u00fcfett [\/vc_column_text][\/vc_column][vc_column width=&#8221;1\/6&#8243;][\/vc_column][\/vc_row][vc_row][vc_column width=&#8221;1\/6&#8243;][\/vc_column][vc_column width=&#8221;1\/3&#8243;][vc_separator border_width=&#8221;2&#8243; css=&#8221;.vc_custom_1508093914881{margin-top: 5px !important;}&#8221;][vc_row_inner][vc_column_inner&hellip;<\/p>\n","protected":false},"author":1,"featured_media":0,"parent":0,"menu_order":0,"comment_status":"closed","ping_status":"closed","template":"","meta":{"footnotes":""},"class_list":["post-52277","page","type-page","status-publish","hentry","description-off"],"aioseo_notices":[],"_links":{"self":[{"href":"http:\/\/glas-hotel.pl\/index.php\/wp-json\/wp\/v2\/pages\/52277","targetHints":{"allow":["GET"]}}],"collection":[{"href":"http:\/\/glas-hotel.pl\/index.php\/wp-json\/wp\/v2\/pages"}],"about":[{"href":"http:\/\/glas-hotel.pl\/index.php\/wp-json\/wp\/v2\/types\/page"}],"author":[{"embeddable":true,"href":"http:\/\/glas-hotel.pl\/index.php\/wp-json\/wp\/v2\/users\/1"}],"replies":[{"embeddable":true,"href":"http:\/\/glas-hotel.pl\/index.php\/wp-json\/wp\/v2\/comments?post=52277"}],"version-history":[{"count":8,"href":"http:\/\/glas-hotel.pl\/index.php\/wp-json\/wp\/v2\/pages\/52277\/revisions"}],"predecessor-version":[{"id":52553,"href":"http:\/\/glas-hotel.pl\/index.php\/wp-json\/wp\/v2\/pages\/52277\/revisions\/52553"}],"wp:attachment":[{"href":"http:\/\/glas-hotel.pl\/index.php\/wp-json\/wp\/v2\/media?parent=52277"}],"curies":[{"name":"wp","href":"https:\/\/api.w.org\/{rel}","templated":true}]}}