{"id":52285,"date":"2017-12-19T15:18:54","date_gmt":"2017-12-19T14:18:54","guid":{"rendered":"http:\/\/glas-hotel.pl\/?page_id=52285"},"modified":"2023-06-12T11:41:38","modified_gmt":"2023-06-12T09:41:38","slug":"regulamin-hotelowy-2","status":"publish","type":"page","link":"http:\/\/glas-hotel.pl\/index.php\/de\/regulamin-hotelowy-2\/","title":{"rendered":"Hotelordnung"},"content":{"rendered":"<div class=\"wpb-content-wrapper\"><p>[vc_row][vc_column width=&#8221;1\/6&#8243;][\/vc_column][vc_column width=&#8221;2\/3&#8243;][vc_column_text]<\/p>\n<ol>\n<li>Ein Hotelzimmer wird f\u00fcr Tage gemietet.<\/li>\n<li>Der Hoteltag dauert von 14:00 bis 12:00 Uhr.,<\/li>\n<li>Sofern der Gast bei der Anmietung eines Zimmers keine Aufenthaltsdauer angegeben hat, wird davon ausgegangen, dass das Zimmer f\u00fcr einen Tag gemietet wurde.<\/li>\n<li>Den Wunsch, den Aufenthalt \u00fcber den am Anreisetag angegebenen Zeitraum hinaus zu verl\u00e4ngern, muss der Hotelgast am Tag des Ablaufs der Zimmermiete bis 10:00 Uhr an der Rezeption anmelden.<\/li>\n<li>Das Hotel ber\u00fccksichtigt W\u00fcnsche, den Aufenthalt soweit wie m\u00f6glich zu verl\u00e4ngern.<\/li>\n<li>Das Hotel erbringt Dienstleistungen entsprechend seiner Kategorie und seinem Standard. Bei Vorbehalten bez\u00fcglich der Qualit\u00e4t der Dienstleistungen melden Sie diese bitte so schnell wie m\u00f6glich an der Rezeption, damit wir umgehend reagieren k\u00f6nnen.<\/li>\n<li>Das Hotel ist verpflichtet, Folgendes bereitzustellen:<\/li>\n<\/ol>\n<ul>\n<li>Bedingungen f\u00fcr die vollst\u00e4ndige und uneingeschr\u00e4nkte Erholung des Gastes,<\/li>\n<li>Sicherheit des Aufenthalts, einschlie\u00dflich der Geheimhaltung von Informationen \u00fcber den Gast,<\/li>\n<li>professioneller und zuvorkommender Service,<\/li>\n<li>Reinigung des Zimmers und Durchf\u00fchrung notwendiger Reparaturen an Ger\u00e4ten w\u00e4hrend der Abwesenheit des Gastes und im Falle seiner Anwesenheit nur, wenn er sein Einverst\u00e4ndnis und seinen Wunsch zum Ausdruck bringt.<\/li>\n<\/ul>\n<ol start=\"8\">\n<li>Auf Wunsch des Gastes erbringt das Hotel kostenlos folgende Leistungen:<\/li>\n<\/ol>\n<ul>\n<li>Bereitstellung von Informationen zu Aufenthalt und Reise,<\/li>\n<li>zur verabredeten Zeit aufwachen,<\/li>\n<li>Aufbewahrung des Gep\u00e4cks der im Hotel registrierten G\u00e4ste.<\/li>\n<\/ul>\n<ol start=\"9\">\n<li>Das Hotel haftet nicht f\u00fcr den Verlust oder die Besch\u00e4digung von Gegenst\u00e4nden, die von Personen, die seine Dienste in Anspruch nehmen, mitgebracht werden, soweit dies in den Bestimmungen von Art. 846 &#8211; 849 des B\u00fcrgerlichen Gesetzbuches, sofern die Parteien nichts anderes vereinbart haben.<\/li>\n<li>Der Gast hat den Schaden unverz\u00fcglich nach Entdeckung an der Hotelrezeption anzuzeigen.<\/li>\n<li>Die Haftung des Hotels f\u00fcr den Verlust oder die Besch\u00e4digung von Geld, Wertpapieren, Wertsachen oder Gegenst\u00e4nden von wissenschaftlichem oder k\u00fcnstlerischem Wert ist begrenzt, wenn diese Gegenst\u00e4nde nicht an der Rezeption hinterlegt werden.<\/li>\n<li>Der Hotelgast tr\u00e4gt die finanzielle Verantwortung f\u00fcr Sch\u00e4den oder Zerst\u00f6rungen an der Ausstattung und den technischen Ger\u00e4ten des Hotels, die durch sein Verschulden oder das Verschulden seiner Besucher verursacht werden. Festgestellte M\u00e4ngel an einem Hotelzimmer sind unverz\u00fcglich an der Hotelrezeption zu melden. Andernfalls k\u00f6nnen dem Gast diese Sch\u00e4den in Rechnung gestellt werden.<\/li>\n<li>Bei jedem Verlassen des Zimmers sollte der Gast pr\u00fcfen, ob die T\u00fcr geschlossen ist. Sie k\u00f6nnen den Schl\u00fcssel an der Rezeption abgeben.<\/li>\n<li>Eine Weitergabe des Zimmers an Dritte ist dem Hotelgast auch dann nicht gestattet, wenn der Zeitraum, f\u00fcr den er das entsprechende Entgelt gezahlt hat, abgelaufen ist.<\/li>\n<li>Personen, die nicht im Hotel angemeldet sind, k\u00f6nnen sich von 8:00 bis 20:00 Uhr im Hotelzimmer aufhalten.<\/li>\n<li>Im Hotel herrscht Ruhezeit von 22:00 bis 7:00 Uhr.<\/li>\n<li>Aus Gr\u00fcnden des Brandschutzes ist es verboten, in den Zimmern Heizger\u00e4te, B\u00fcgeleisen und \u00e4hnliche Ger\u00e4te zu verwenden, die nicht zur Ausstattung der Hotelzimmer geh\u00f6ren.<\/li>\n<li>Das Hotel ist ein absolutes Nichtraucherhotel. Dies gilt auch f\u00fcr Zimmer. Bei Nichtbeachtung des Verbotes ist der Gast f\u00fcr Sch\u00e4den und Kosten verantwortlich.<\/li>\n<li>Das Hotel darf dem Gast die Unterkunft verweigern, sofern er bei seinem letzten Besuch die Hotelordnung grob verletzt hat, einen Schaden an dem Verm\u00f6gen des Hotels oder der G\u00e4ste, bzw. einen Personenschaden den G\u00e4sten, Hotelmitarbeiter bzw. sonstigen im Hotel befindlichen Personen zugef\u00fcgt hat, oder auch die Ruhe des Hotels gest\u00f6rt hat.<\/li>\n<li>Pers\u00f6nliche Gegenst\u00e4nde, die der abreisende Gast im Hotelzimmer zur\u00fcckl\u00e4sst, werden an die vom Gast angegebene Adresse geschickt. Erfolgt keine entsprechende Weisung, lagert das Hotel diese Gegenst\u00e4nde 3 Monate lang ein.<\/li>\n<li>Das Hotel akzeptiert keine Haustiere.<\/li>\n<li>Das Hotel ist berechtigt, die Erbringung bereits bezahlter Beherbergungsleistungen einzustellen, wenn ein Hotelgast die Ordnung st\u00f6rt. Eine Unterbrechung des Aufenthalts des Gastes stellt in diesem Fall keinen Grund f\u00fcr eine R\u00fcckerstattung des f\u00fcr den Aufenthalt gezahlten Betrags dar.<\/li>\n<li>Beim Check-out muss der Gast den Schl\u00fcssel zur\u00fcckgeben. Bei Verlust, Besch\u00e4digung oder Nichtr\u00fcckgabe des Schl\u00fcssels wird dem Gast ein Bu\u00dfgeld berechnet.<\/li>\n<li>Die Buchung eines Hotelzimmers bedeutet, dass der Hotelgast die vorstehenden Bestimmungen gelesen und akzeptiert hat.<\/li>\n<li>Das Fr\u00fchst\u00fcck wird wochentags, am Wochenende und an Feiertagen von 7:00 bis 10:00 Uhr serviert.<\/li>\n<\/ol>\n<p>[\/vc_column_text][\/vc_column][vc_column width=&#8221;1\/6&#8243;][\/vc_column][\/vc_row]<\/p>\n<\/div>","protected":false},"excerpt":{"rendered":"<p>[vc_row][vc_column width=&#8221;1\/6&#8243;][\/vc_column][vc_column width=&#8221;2\/3&#8243;][vc_column_text] Ein Hotelzimmer wird f\u00fcr Tage gemietet. Der Hoteltag dauert von 14:00 bis 12:00 Uhr., Sofern der Gast bei der Anmietung eines Zimmers keine Aufenthaltsdauer angegeben hat, wird davon ausgegangen, dass das Zimmer f\u00fcr einen Tag gemietet wurde. Den Wunsch, den Aufenthalt \u00fcber den am Anreisetag angegebenen Zeitraum hinaus zu verl\u00e4ngern, muss der&hellip;<\/p>\n","protected":false},"author":1,"featured_media":0,"parent":0,"menu_order":0,"comment_status":"closed","ping_status":"closed","template":"","meta":{"footnotes":""},"class_list":["post-52285","page","type-page","status-publish","hentry","description-off"],"aioseo_notices":[],"_links":{"self":[{"href":"http:\/\/glas-hotel.pl\/index.php\/wp-json\/wp\/v2\/pages\/52285","targetHints":{"allow":["GET"]}}],"collection":[{"href":"http:\/\/glas-hotel.pl\/index.php\/wp-json\/wp\/v2\/pages"}],"about":[{"href":"http:\/\/glas-hotel.pl\/index.php\/wp-json\/wp\/v2\/types\/page"}],"author":[{"embeddable":true,"href":"http:\/\/glas-hotel.pl\/index.php\/wp-json\/wp\/v2\/users\/1"}],"replies":[{"embeddable":true,"href":"http:\/\/glas-hotel.pl\/index.php\/wp-json\/wp\/v2\/comments?post=52285"}],"version-history":[{"count":2,"href":"http:\/\/glas-hotel.pl\/index.php\/wp-json\/wp\/v2\/pages\/52285\/revisions"}],"predecessor-version":[{"id":52523,"href":"http:\/\/glas-hotel.pl\/index.php\/wp-json\/wp\/v2\/pages\/52285\/revisions\/52523"}],"wp:attachment":[{"href":"http:\/\/glas-hotel.pl\/index.php\/wp-json\/wp\/v2\/media?parent=52285"}],"curies":[{"name":"wp","href":"https:\/\/api.w.org\/{rel}","templated":true}]}}