{"id":52309,"date":"2017-12-19T15:36:56","date_gmt":"2017-12-19T14:36:56","guid":{"rendered":"http:\/\/glas-hotel.pl\/?page_id=52309"},"modified":"2017-12-19T15:36:56","modified_gmt":"2017-12-19T14:36:56","slug":"konferenzen","status":"publish","type":"page","link":"http:\/\/glas-hotel.pl\/index.php\/de\/konferenzen\/","title":{"rendered":"Konferenzen"},"content":{"rendered":"<div class=\"wpb-content-wrapper\"><p>[vc_row equal_height=&#8221;yes&#8221; type=&#8221;vc_default&#8221;][vc_column offset=&#8221;vc_col-lg-offset-0 vc_col-lg-12 vc_col-md-offset-0 vc_col-md-12 vc_col-sm-offset-0&#8243; css=&#8221;.vc_custom_1475393099838{padding-bottom: 20px !important;}&#8221;][vc_row_inner css=&#8221;.vc_custom_1475393059082{padding-right: 15px !important;padding-left: 15px !important;}&#8221;][vc_column_inner width=&#8221;1\/2&#8243; css=&#8221;.vc_custom_1470069035611{margin-top: 0px !important;margin-right: 0px !important;margin-bottom: 0px !important;margin-left: 0px !important;padding-top: 0px !important;padding-right: 10px !important;padding-bottom: 20px !important;padding-left: 10px !important;}&#8221;]<style type=\"text\/css\" data-type=\"the7_shortcodes-inline-css\">.shortcode-single-image-wrap.shortcode-single-image-8fdbbe4c087e9ec6b3d36b562e3e72fd.enable-bg-rollover .rollover i,\n.shortcode-single-image-wrap.shortcode-single-image-8fdbbe4c087e9ec6b3d36b562e3e72fd.enable-bg-rollover .rollover-video i {\n  background: -webkit-linear-gradient();\n  background: linear-gradient();\n}\n.shortcode-single-image-wrap.shortcode-single-image-8fdbbe4c087e9ec6b3d36b562e3e72fd .rollover-icon {\n  font-size: 32px;\n  color: #ffffff;\n  min-width: 44px;\n  min-height: 44px;\n  line-height: 44px;\n  border-radius: 100px;\n  border-style: solid;\n  border-width: 0px;\n}\n.dt-icon-bg-on.shortcode-single-image-wrap.shortcode-single-image-8fdbbe4c087e9ec6b3d36b562e3e72fd .rollover-icon {\n  background: rgba(255,255,255,0.3);\n  box-shadow: none;\n}<\/style><div class=\"shortcode-single-image-wrap shortcode-single-image-8fdbbe4c087e9ec6b3d36b562e3e72fd alignnone  enable-bg-rollover dt-icon-bg-off\" style=\"margin-top:0px; margin-bottom:0px; margin-left:0px; margin-right:0px;\" data-pretty-share=\"facebook,twitter,pinterest,linkedin\"><div class=\"shortcode-single-image\"><div class=\"fancy-media-wrap  layzr-bg\" style=\"\"><img fetchpriority=\"high\" decoding=\"async\" class=\"preload-me lazy-load aspect\" src=\"data:image\/svg+xml,%3Csvg%20xmlns%3D&#39;http%3A%2F%2Fwww.w3.org%2F2000%2Fsvg&#39;%20viewBox%3D&#39;0%200%201000%20667&#39;%2F%3E\" data-src=\"http:\/\/glas-hotel.pl\/wp-content\/uploads\/2012\/04\/ChromaStock_25218381.jpg\" data-srcset=\"http:\/\/glas-hotel.pl\/wp-content\/uploads\/2012\/04\/ChromaStock_25218381.jpg 1000w\" loading=\"eager\" sizes=\"(max-width: 1000px) 100vw, 1000px\" width=\"1000\" height=\"667\"  data-dt-location=\"http:\/\/glas-hotel.pl\/index.php\/project\/konferencje\/group-portrait-of-a-professional-business-team-looking-confidently-at-camera\/\" style=\"--ratio: 1000 \/ 667;\" alt=\"\" \/><\/div><\/div><\/div>[\/vc_column_inner][vc_column_inner width=&#8221;1\/2&#8243; css=&#8221;.vc_custom_1475405918111{margin-top: 0px !important;margin-right: 0px !important;margin-bottom: 0px !important;margin-left: 0px !important;padding-top: 0px !important;padding-right: 10px !important;padding-bottom: 20px !important;padding-left: 10px !important;}&#8221;]<style type=\"text\/css\" data-type=\"the7_shortcodes-inline-css\">.shortcode-single-image-wrap.shortcode-single-image-58c9de3ea77d5764216297c642cc01d9.enable-bg-rollover .rollover i,\n.shortcode-single-image-wrap.shortcode-single-image-58c9de3ea77d5764216297c642cc01d9.enable-bg-rollover .rollover-video i {\n  background: -webkit-linear-gradient();\n  background: linear-gradient();\n}\n.shortcode-single-image-wrap.shortcode-single-image-58c9de3ea77d5764216297c642cc01d9 .rollover-icon {\n  font-size: 32px;\n  color: #ffffff;\n  min-width: 44px;\n  min-height: 44px;\n  line-height: 44px;\n  border-radius: 100px;\n  border-style: solid;\n  border-width: 0px;\n}\n.dt-icon-bg-on.shortcode-single-image-wrap.shortcode-single-image-58c9de3ea77d5764216297c642cc01d9 .rollover-icon {\n  background: rgba(255,255,255,0.3);\n  box-shadow: none;\n}<\/style><div class=\"shortcode-single-image-wrap shortcode-single-image-58c9de3ea77d5764216297c642cc01d9 alignnone  enable-bg-rollover dt-icon-bg-off\" style=\"margin-top:0px; margin-bottom:0px; margin-left:0px; margin-right:0px;\" data-pretty-share=\"facebook,twitter,pinterest,linkedin\"><div class=\"shortcode-single-image\"><div class=\"fancy-media-wrap  layzr-bg\" style=\"\"><img decoding=\"async\" class=\"preload-me lazy-load aspect\" src=\"data:image\/svg+xml,%3Csvg%20xmlns%3D&#39;http%3A%2F%2Fwww.w3.org%2F2000%2Fsvg&#39;%20viewBox%3D&#39;0%200%201000%20674&#39;%2F%3E\" data-src=\"http:\/\/glas-hotel.pl\/wp-content\/uploads\/2012\/04\/3.jpg\" data-srcset=\"http:\/\/glas-hotel.pl\/wp-content\/uploads\/2012\/04\/3.jpg 1000w\" loading=\"eager\" sizes=\"(max-width: 1000px) 100vw, 1000px\" width=\"1000\" height=\"674\"  data-dt-location=\"http:\/\/glas-hotel.pl\/index.php\/project\/konferencje\/attachment\/3\/\" style=\"--ratio: 1000 \/ 674;\" alt=\"\" \/><\/div><\/div><\/div>[\/vc_column_inner][\/vc_row_inner][\/vc_column][vc_column offset=&#8221;vc_col-lg-offset-1 vc_col-lg-10 vc_col-md-offset-1 vc_col-md-10 vc_col-sm-offset-0&#8243; css=&#8221;.vc_custom_1475393134478{padding-bottom: 10px !important;}&#8221;]<div id=\"ultimate-heading-230669f5d8eef31f5\" class=\"uvc-heading ult-adjust-bottom-margin ultimate-heading-230669f5d8eef31f5 uvc-3231 \" data-hspacer=\"no_spacer\"  data-halign=\"left\" style=\"text-align:left\"><div class=\"uvc-heading-spacer no_spacer\" style=\"top\"><\/div><div class=\"uvc-main-heading ult-responsive\"  data-ultimate-target='.uvc-heading.ultimate-heading-230669f5d8eef31f5 h2'  data-responsive-json-new='{\"font-size\":\"desktop:22px;\",\"line-height\":\"desktop:32px;\"}' ><h2 style=\"font-weight:bold;margin-bottom:30px;\">Falls Sie einen entsprechenden Platz suchen, wo eine Konferenz oder eine Fachschulung organisiert werden sollte, laden wir Sie ganz herzlich ein, unser Angebot in Anspruch zu nehmen.<\/h2><\/div><\/div>[vc_row_inner][vc_column_inner css=&#8221;.vc_custom_1475353712646{padding-bottom: 30px !important;}&#8221;][vc_column_text]Wir verf\u00fcgen \u00fcber einen multimedialen Konferenzsaal mit der Fl\u00e4che von\u00a0<strong>270 qm.<\/strong><strong><sup>2<\/sup><\/strong>\u00a0.<\/p>\n<p>Unser Saal ist mit::<\/p>\n<ul>\n<li>Projektor mit gro\u00dfer Leinwand,<\/li>\n<li>Fernsehapparaten,<\/li>\n<li>Blu-ray-Spieler,<\/li>\n<li>Beschallungsanlage ausgestattet.<\/li>\n<\/ul>\n<p>W\u00e4hrend der Pausen in Beratungen bieten wir Ihnen Kaffee, Lunch und Abendbrot an.<\/p>\n<p>Wir organisieren auch Banketts und aller Art Feierlichkeiten.<\/p>\n<p>Das Hotel sorgt f\u00fcr eine komplexe Bedienung der Veranstaltungen und Treffen.[\/vc_column_text][\/vc_column_inner][\/vc_row_inner][\/vc_column][vc_column offset=&#8221;vc_col-lg-offset-1 vc_col-lg-10 vc_col-md-offset-1 vc_col-md-10 vc_col-sm-offset-0&#8243; css=&#8221;.vc_custom_1475582662644{padding-bottom: 10px !important;}&#8221;][\/vc_column][vc_column]<style type=\"text\/css\" data-type=\"the7_shortcodes-inline-css\">.shortcode-single-image-wrap.shortcode-single-image-54b8af651b6ee6eba3d91ba4bb240058.enable-bg-rollover .rollover i,\n.shortcode-single-image-wrap.shortcode-single-image-54b8af651b6ee6eba3d91ba4bb240058.enable-bg-rollover .rollover-video i {\n  background: -webkit-linear-gradient();\n  background: linear-gradient();\n}\n.shortcode-single-image-wrap.shortcode-single-image-54b8af651b6ee6eba3d91ba4bb240058 .rollover-icon {\n  font-size: 32px;\n  color: #ffffff;\n  min-width: 44px;\n  min-height: 44px;\n  line-height: 44px;\n  border-radius: 100px;\n  border-style: solid;\n  border-width: 0px;\n}\n.dt-icon-bg-on.shortcode-single-image-wrap.shortcode-single-image-54b8af651b6ee6eba3d91ba4bb240058 .rollover-icon {\n  background: rgba(255,255,255,0.3);\n  box-shadow: none;\n}<\/style><div class=\"shortcode-single-image-wrap shortcode-single-image-54b8af651b6ee6eba3d91ba4bb240058 alignnone  enable-bg-rollover dt-icon-bg-off\" style=\"margin-top:0px; margin-bottom:0px; margin-left:0px; margin-right:0px;\" data-pretty-share=\"facebook,twitter,pinterest,linkedin\"><div class=\"shortcode-single-image\"><div class=\"fancy-media-wrap  layzr-bg\" style=\"\"><img decoding=\"async\" class=\"preload-me lazy-load aspect\" src=\"data:image\/svg+xml,%3Csvg%20xmlns%3D&#39;http%3A%2F%2Fwww.w3.org%2F2000%2Fsvg&#39;%20viewBox%3D&#39;0%200%202000%201333&#39;%2F%3E\" data-src=\"http:\/\/glas-hotel.pl\/wp-content\/uploads\/2012\/04\/monit.jpg\" data-srcset=\"http:\/\/glas-hotel.pl\/wp-content\/uploads\/2012\/04\/monit.jpg 2000w\" loading=\"eager\" sizes=\"(max-width: 2000px) 100vw, 2000px\" width=\"2000\" height=\"1333\"  data-dt-location=\"http:\/\/glas-hotel.pl\/index.php\/project\/konferencje\/monit\/\" style=\"--ratio: 2000 \/ 1333;\" alt=\"\" \/><\/div><\/div><\/div>[\/vc_column][\/vc_row]<\/p>\n<\/div>","protected":false},"excerpt":{"rendered":"<p>[vc_row equal_height=&#8221;yes&#8221; type=&#8221;vc_default&#8221;][vc_column offset=&#8221;vc_col-lg-offset-0 vc_col-lg-12 vc_col-md-offset-0 vc_col-md-12 vc_col-sm-offset-0&#8243; css=&#8221;.vc_custom_1475393099838{padding-bottom: 20px !important;}&#8221;][vc_row_inner css=&#8221;.vc_custom_1475393059082{padding-right: 15px !important;padding-left: 15px !important;}&#8221;][vc_column_inner width=&#8221;1\/2&#8243; css=&#8221;.vc_custom_1470069035611{margin-top: 0px !important;margin-right: 0px !important;margin-bottom: 0px !important;margin-left: 0px !important;padding-top: 0px !important;padding-right: 10px !important;padding-bottom: 20px !important;padding-left: 10px !important;}&#8221;][\/vc_column_inner][vc_column_inner width=&#8221;1\/2&#8243; css=&#8221;.vc_custom_1475405918111{margin-top: 0px !important;margin-right: 0px !important;margin-bottom: 0px !important;margin-left: 0px !important;padding-top: 0px !important;padding-right: 10px !important;padding-bottom: 20px !important;padding-left: 10px !important;}&#8221;][\/vc_column_inner][\/vc_row_inner][\/vc_column][vc_column offset=&#8221;vc_col-lg-offset-1 vc_col-lg-10 vc_col-md-offset-1&hellip;<\/p>\n","protected":false},"author":1,"featured_media":0,"parent":0,"menu_order":0,"comment_status":"closed","ping_status":"closed","template":"","meta":{"footnotes":""},"class_list":["post-52309","page","type-page","status-publish","hentry","description-off"],"aioseo_notices":[],"_links":{"self":[{"href":"http:\/\/glas-hotel.pl\/index.php\/wp-json\/wp\/v2\/pages\/52309","targetHints":{"allow":["GET"]}}],"collection":[{"href":"http:\/\/glas-hotel.pl\/index.php\/wp-json\/wp\/v2\/pages"}],"about":[{"href":"http:\/\/glas-hotel.pl\/index.php\/wp-json\/wp\/v2\/types\/page"}],"author":[{"embeddable":true,"href":"http:\/\/glas-hotel.pl\/index.php\/wp-json\/wp\/v2\/users\/1"}],"replies":[{"embeddable":true,"href":"http:\/\/glas-hotel.pl\/index.php\/wp-json\/wp\/v2\/comments?post=52309"}],"version-history":[{"count":1,"href":"http:\/\/glas-hotel.pl\/index.php\/wp-json\/wp\/v2\/pages\/52309\/revisions"}],"predecessor-version":[{"id":52310,"href":"http:\/\/glas-hotel.pl\/index.php\/wp-json\/wp\/v2\/pages\/52309\/revisions\/52310"}],"wp:attachment":[{"href":"http:\/\/glas-hotel.pl\/index.php\/wp-json\/wp\/v2\/media?parent=52309"}],"curies":[{"name":"wp","href":"https:\/\/api.w.org\/{rel}","templated":true}]}}